{"id":390,"date":"2014-04-22T21:18:50","date_gmt":"2014-04-22T21:18:50","guid":{"rendered":"http:\/\/srdonline.net\/index.php\/our-clients\/?lang=es"},"modified":"2022-11-15T02:23:16","modified_gmt":"2022-11-15T02:23:16","slug":"our-clients","status":"publish","type":"page","link":"https:\/\/srdonline.net\/index.php\/our-clients\/?lang=es","title":{"rendered":"Nuestros Clientes"},"content":{"rendered":"<p>[et_pb_section][et_pb_row][et_pb_column type=&#8221;4_4&#8243;][et_pb_text admin_label=&#8221;Text&#8221; background_layout=&#8221;light&#8221; text_orientation=&#8221;left&#8221;]<\/p>\n<h3 class=\"p1\" style=\"text-align: justify;\">Nuestros Clientes<\/h3>\n<p class=\"p2\" style=\"text-align: justify;\"><strong>La raz\u00f3n m\u00e1s importante de por qu\u00e9 hacemos lo que hacemos.<\/strong><\/p>\n<p style=\"text-align: justify;\">Tenemos el privilegio de colaborar con algunas de las compa\u00f1\u00edas m\u00e1s reconocidas del \u00e1rea de Los Cabos y \u00e9sto no es algo que tomemos a la ligera. Nuestros clientes nos desaf\u00edan de diversas formas \u2014les ayudamos a resolver problemas de negocios, a incrementar la visibilidad y ayudarles a destacar en un mundo conectado donde los clientes y empleados se han visto cont\u00ednuamente empoderados. Vemos a nuestros clientes como socios y trabajamos con ellos colaborativamente para alcanzar resultados que puedan medir.<\/p>\n<p style=\"text-align: justify;\">Trabajamos diligente e inteligentemente para asegurar que las necesidades de nuestros clientes est\u00e9n primero. Solamente somos tan buenos como la reputaci\u00f3n de nuestros clientes, y pondremos nuestra propia reputaci\u00f3n en la l\u00ednea para asegurarnos que obtengan tanto de la relaci\u00f3n como nosotros.<\/p>\n<p style=\"text-align: justify;\">Por favor,\u00a0<strong><a title=\"Contact Us\" href=\"http:\/\/srdonline.net\/index.php\/contact-us\/\">contacte a SRD<\/a><\/strong>\u00a0para mayor informaci\u00f3n.<\/p>\n<p>&nbsp;<\/p>\n<p>[\/et_pb_text][\/et_pb_column][\/et_pb_row][et_pb_row][et_pb_column type=&#8221;1_2&#8243;][et_pb_image admin_label=&#8221;Image&#8221; src=&#8221;http:\/\/srdonline.net\/wp-content\/uploads\/2014\/04\/Susurros-del-Corazon.jpeg&#8221; show_in_lightbox=&#8221;off&#8221; url_new_window=&#8221;off&#8221; animation=&#8221;off&#8221; \/][et_pb_image admin_label=&#8221;Image&#8221; src=&#8221;http:\/\/srdonline.net\/wp-content\/uploads\/2014\/04\/Montage-Los-Cabos-1.jpg&#8221; show_in_lightbox=&#8221;off&#8221; url_new_window=&#8221;off&#8221; animation=&#8221;off&#8221; \/][\/et_pb_column][et_pb_column type=&#8221;1_2&#8243;][et_pb_text admin_label=&#8221;Text&#8221; background_layout=&#8221;light&#8221; text_orientation=&#8221;left&#8221;]<\/p>\n<h4 class=\"p2\" style=\"text-align: justify;\"><strong><span class=\"s2\">Comercial<\/span><\/strong><\/h4>\n<p><strong>Susurros del Coraz\u00f3n Luxury Resort<\/strong> <em>(Fase 1)<\/em><br \/>\n<em>Suministro e instalaci\u00f3n de equipos de voz y datos en Infraestructura, \u00e1reas p\u00fablicas y edificio de hotel, datos con cable\/inal\u00e1mbrico, sistema de CCTV IP, sistema telef\u00f3nico y sistema de alarmas de incendios Honeywell en habitaciones y villas.<\/em><\/p>\n<p><strong>Costa Palmas East Cape Real Estate<\/strong><br \/>\n<em>Mantenimiento a todos los sistemas de baja tensi\u00f3n que incluyen: sistema de alarma de incendios Honeywell, audio ambiental, datos con cable\/inal\u00e1mbrico, sistema de CCTV IP, y en Beach Club.<\/em><\/p>\n<p><strong>Chileno Bay Resort&amp;Residences \u2013 Auberge Resort<\/strong><em> (Fase 1-3)<\/em><br \/>\n<em>Provisi\u00f3n, instalaci\u00f3n y programaci\u00f3n para todos los sistemas de baja tensi\u00f3n que incluyen: tecnolog\u00edas Zhone GPON a las villas y habitaciones, sistema de alarma de incendios Honeywell, Gamewell Fci, Xorcom soft pbx con interfaz de hotel, datos con cable\/inal\u00e1mbrico, sistema de CCTV IP, audio ambiental Milestone y control de acceso a todas las \u00e1reas comunes, se\u00f1al RF HDTV e instalaci\u00f3n de IPTV en habitaciones y villas.<\/em><\/p>\n<p>[\/et_pb_text][et_pb_text admin_label=&#8221;Text&#8221; background_layout=&#8221;light&#8221; text_orientation=&#8221;left&#8221;]<\/p>\n<p><strong>Esperanza \u2013 Auberge Resort<\/strong><br \/>\n<em>Recableado de fibra \u00f3ptica para Zhone technologies Gpon a cada habitaci\u00f3n y villas. Pbx soft\u00a0<\/em><em>Xorcom con interfaz, datos, superposici\u00f3n de RF HDTV. Audio ambiental con Control 4,\u00a0<\/em><em>sistema de alarma contra incendios Honeywell.<\/em><\/p>\n<p><strong>Copala \/ Coronado \u2013 Pueblo Bonito<\/strong><br \/>\n<em>Cableado de fibra \u00f3ptica y equipos activos para desarrollo residencial. Se\u00f1al sat\u00e9lite para Dish\u00a0<\/em><em>network y SKY M\u00e9xico a cada villa desde antenas centralizadas.<\/em><\/p>\n<p><strong>Montage \/ Los cabos<\/strong><br \/>\n<em>Cableado estructurado para voz y datos, datos inal\u00e1mbricos, CCTV, IPTV y audio. suministro,\u00a0<\/em><em>instalaci\u00f3n y programaci\u00f3n de sistema de c\u00e1maras de seguridad CCTV IP.<\/em><\/p>\n<p><strong>Hotel San Crist\u00f3bal Baja<\/strong><br \/>\n<em>Cableado estructurado para voz, datos, datos inal\u00e1mbricos, CCTV, IPTV y suministro de audio,\u00a0<\/em><em>instalaci\u00f3n y programaci\u00f3n del sistema de c\u00e1mara de seguridad CCTV y sistema de audio con\u00a0<\/em><em>control 4.<\/em><\/p>\n<p>[\/et_pb_text][\/et_pb_column][\/et_pb_row][et_pb_row][et_pb_column type=&#8221;1_2&#8243;][et_pb_image admin_label=&#8221;Image&#8221; src=&#8221;http:\/\/srdonline.net\/wp-content\/uploads\/2014\/04\/SRD-Our-Clients-El-Dorado-2.jpg&#8221; show_in_lightbox=&#8221;off&#8221; url_new_window=&#8221;off&#8221; animation=&#8221;off&#8221; \/][\/et_pb_column][et_pb_column type=&#8221;1_2&#8243;][et_pb_text admin_label=&#8221;Text&#8221; background_layout=&#8221;light&#8221; text_orientation=&#8221;left&#8221;]<\/p>\n<h4><strong>Residencial<\/strong><\/h4>\n<p>Adora<\/p>\n<p>Escondida<\/p>\n<p>Villa 1<\/p>\n<p>Palmas Real<\/p>\n<p>Montebello<\/p>\n<p>Gray Cape<\/p>\n<p>Marita<\/p>\n<p>Mantea<\/p>\n<p>Schinazi<\/p>\n<p>[\/et_pb_text][\/et_pb_column][\/et_pb_row][et_pb_row][et_pb_column type=&#8221;1_2&#8243;][\/et_pb_column][et_pb_column type=&#8221;1_2&#8243;][\/et_pb_column][\/et_pb_row][et_pb_row][et_pb_column type=&#8221;1_2&#8243;][\/et_pb_column][et_pb_column type=&#8221;1_4&#8243;][\/et_pb_column][et_pb_column type=&#8221;1_4&#8243;][\/et_pb_column][\/et_pb_row][et_pb_row][et_pb_column type=&#8221;1_2&#8243;][\/et_pb_column][et_pb_column type=&#8221;1_4&#8243;][\/et_pb_column][et_pb_column type=&#8221;1_4&#8243;][\/et_pb_column][\/et_pb_row][\/et_pb_section]<\/p>\n","protected":false},"excerpt":{"rendered":"<p><div class=\"et_pb_section et_pb_section_0 et_section_regular\" >\n\t\t\t\t\n\t\t\t\t\n\t\t\t\t\n\t\t\t\t\n\t\t\t\t\n\t\t\t\t\n\t\t\t\t\n\t\t\t\t\n\t\t\t\t\n\t\t\t<\/div><div class=\"et_pb_row et_pb_row_0 et_pb_row_empty\">\n\t\t\t\t\n\t\t\t\t\n\t\t\t\t\n\t\t\t\t\n\t\t\t\t\n\t\t\t<\/div> Nuestros Clientes La raz\u00f3n m\u00e1s importante de por qu\u00e9 hacemos lo que hacemos. Tenemos el privilegio de colaborar con algunas de las compa\u00f1\u00edas m\u00e1s reconocidas del \u00e1rea de Los Cabos y \u00e9sto no es algo que tomemos a la ligera. Nuestros clientes nos desaf\u00edan de diversas formas \u2014les ayudamos a resolver problemas de negocios, [&hellip;]<\/p>\n","protected":false},"author":1,"featured_media":0,"parent":0,"menu_order":0,"comment_status":"closed","ping_status":"closed","template":"","meta":{"_et_pb_use_builder":"on","_et_pb_old_content":"","_et_gb_content_width":"","footnotes":""},"class_list":["post-390","page","type-page","status-publish","hentry"],"_links":{"self":[{"href":"https:\/\/srdonline.net\/index.php\/wp-json\/wp\/v2\/pages\/390","targetHints":{"allow":["GET"]}}],"collection":[{"href":"https:\/\/srdonline.net\/index.php\/wp-json\/wp\/v2\/pages"}],"about":[{"href":"https:\/\/srdonline.net\/index.php\/wp-json\/wp\/v2\/types\/page"}],"author":[{"embeddable":true,"href":"https:\/\/srdonline.net\/index.php\/wp-json\/wp\/v2\/users\/1"}],"replies":[{"embeddable":true,"href":"https:\/\/srdonline.net\/index.php\/wp-json\/wp\/v2\/comments?post=390"}],"version-history":[{"count":16,"href":"https:\/\/srdonline.net\/index.php\/wp-json\/wp\/v2\/pages\/390\/revisions"}],"predecessor-version":[{"id":492,"href":"https:\/\/srdonline.net\/index.php\/wp-json\/wp\/v2\/pages\/390\/revisions\/492"}],"wp:attachment":[{"href":"https:\/\/srdonline.net\/index.php\/wp-json\/wp\/v2\/media?parent=390"}],"curies":[{"name":"wp","href":"https:\/\/api.w.org\/{rel}","templated":true}]}}