{"id":399,"date":"2016-08-10T22:30:43","date_gmt":"2016-08-10T22:30:43","guid":{"rendered":"http:\/\/srdonline.net\/?page_id=399&#038;lang=es"},"modified":"2022-04-27T16:06:23","modified_gmt":"2022-04-27T16:06:23","slug":"sobre-srd","status":"publish","type":"page","link":"https:\/\/srdonline.net\/index.php\/sobre-srd\/?lang=es","title":{"rendered":"Sobre SRD"},"content":{"rendered":"<p>[et_pb_section fullwidth=&#8221;on&#8221; specialty=&#8221;off&#8221;][et_pb_fullwidth_slider admin_label=&#8221;Fullwidth Slider&#8221; show_arrows=&#8221;off&#8221; show_pagination=&#8221;off&#8221; auto=&#8221;off&#8221; parallax=&#8221;off&#8221;][et_pb_slide heading=&#8221;SOBRE SRD&#8221; background_image=&#8221;http:\/\/srdonline.net\/wp-content\/uploads\/2014\/04\/SRD-About.jpg&#8221; background_color=&#8221;#ffffff&#8221; alignment=&#8221;center&#8221; background_layout=&#8221;dark&#8221; \/][\/et_pb_fullwidth_slider][\/et_pb_section][et_pb_section][et_pb_row][et_pb_column type=&#8221;4_4&#8243;][et_pb_text admin_label=&#8221;Text&#8221; background_layout=&#8221;light&#8221; text_orientation=&#8221;left&#8221;]<\/p>\n<p style=\"text-align: justify;\"><strong>Servicios a Redes Digitales, S.A. de C.V<\/strong>. ofrece soluciones para las redes de voz, datos, audio y video utilizando las normas establecidas para el sistema de cableado estructurado; utilizando cable de cobre y cable de fibra \u00f3ptica, y a la vez provee redes de televisi\u00f3n (JPTV\/RF) y circuito cerrado de televisi\u00f3n (CCTV.), sistemas de m\u00fasica ambiental y redes de control de acceso, utilizando toda o una porci\u00f3n de la misma infraestructura de cableado.<\/p>\n<p>Adem\u00e1s, <strong>SRD<\/strong> instala y da mantenimiento a todo el equipo electr\u00f3nico que se instala en la red, para lograr una funcionalidad optima.<\/p>\n<p>El resultado final es una red de cableado totalmente documentada con documentos \u201cas built\u201d en formato electr\u00f3nico (AutoCAD) con soporte local y mantenimiento completo del cableado estructurado y del equipo activo utilizado.<\/p>\n<p><strong>Servicios a Redes Digitales, S.A. de C.V.<\/strong> \u00a0naci\u00f3 como una filial de Sistemas y Redes Digitales, S.A. de C.V. establecida en 1996 con oficinas principales en Tijuana, B.C. y una sucursal en Mexicali, B.C.<\/p>\n<p><strong>Servicios a Redes Digitales, S.A. de C.V.<\/strong> se form\u00f3 en el a\u00f1o 2001 con la finalidad de enfocarse directamente en los requerimientos de la industria hotelera y de las comunidades residenciales planeadas. <strong>SRD<\/strong> provee una ayuda completa a los proyectos, desde el dise\u00f1o del de comunicaciones del desarrollo hasta su instalaci\u00f3n final, as\u00ed como un continuo mantenimiento en sitio.<\/p>\n<p>El desarrollo de la tecnolog\u00eda presente y futura permite m\u00e1s convergencia que en el pasado. Esta convergencia de voz, datos, audio, video, control de acceso, CATV y CCTV permite a <strong>SRD<\/strong> proveer una sola infraestructura para todos los sistemas, reduciendo as\u00ed en gran medida los costos de implementaci\u00f3n de estos sistemas y servicios de comunicaci\u00f3n.<\/p>\n<p><strong>SRD<\/strong> tambi\u00e9n provee una \u201cArquitectura Electr\u00f3nica\u201d con el dise\u00f1o e implementaci\u00f3n de servicios para villas residenciales y casas. La fase de dise\u00f1o incluye la coordinaci\u00f3n con los due\u00f1os, arquitectos y dise\u00f1adores de interiores\/decoradores, con la finalidad de coordinar las especificaciones de funcionamiento del equipo necesario con los requerimientos visuales y espaciales de las \u00e1reas espec\u00edficas de la unidad. estos servicios incluyen: telefon\u00eda, internet, monitoreo del sistema de CCTV, alarmas de intrusi\u00f3n, contra incendios y de mon\u00f3xido de carbono, distribuci\u00f3n de audio y control de video, HVAC y control de iluminaci\u00f3n interior y exterior.\u00a0 Todos los proyectos incluyen planos (AutoCAD) iniciales para la instalaci\u00f3n de la infraestructura y los planos finales \u201cas built\u201d del cableado y la conectorizaci\u00f3n.<\/p>\n<p>La fase de instalaci\u00f3n de equipo incluye el entrenamiento del usuario final con dos (2) sesiones de seguimiento seg\u00fan se requieran y una garant\u00eda en sitio de 12 meses. Programas de mantenimiento despu\u00e9s de la garant\u00eda de 12 meses est\u00e1n disponibles con la finalidad de proveer un servicio continuo en el sitio al usuario final.<\/p>\n<p>Nuestro mejor sistema de venta son nuestras referencias, p\u00f3ngase en contacto con nuestros clientes actuales y estamos seguros de que ellos confirmaran que <strong>SRD<\/strong> es la mejor opci\u00f3n para sus requerimientos de voz, datos, video y audio.<\/p>\n<p>Una lista completa de referencias ha sido incluida para que pueda contactarlos y decidir qu\u00e9 compa\u00f1\u00eda le proveer\u00e1 con la mejor soluci\u00f3n para el dise\u00f1o, instalaci\u00f3n y mantenimiento continuo de su red integrada de voz, datos, audio, video y seguridad.<\/p>\n<p style=\"text-align: justify;\">Por favor\u00a0<strong><a title=\"Contact Us\" href=\"http:\/\/srdonline.net\/index.php\/contact-us\/\">contacte a SRD<\/a><\/strong>\u00a0para mayor informaci\u00f3n.<\/p>\n<p>[\/et_pb_text][\/et_pb_column][\/et_pb_row][\/et_pb_section]<\/p>\n","protected":false},"excerpt":{"rendered":"<p>We specialize in the design, engineering, installation and support of low voltage communication systems and infrastructure.<\/p>\n","protected":false},"author":1,"featured_media":0,"parent":0,"menu_order":0,"comment_status":"closed","ping_status":"closed","template":"","meta":{"_et_pb_use_builder":"on","_et_pb_old_content":"<p style=\"text-align: justify;\"><strong><img class=\"alignleft size-medium wp-image-28\" src=\"http:\/\/srdonline.net\/wp-content\/uploads\/2014\/04\/1262475_537637149642641_690824805_o-300x125.jpg\" alt=\"SRD-servicios-a-redes-digitales\" width=\"300\" height=\"125\" \/><span style=\"color: #201f1f;\">[dropcap style=\"color: #<\/span>4a918b<span style=\"color: #201f1f;\">;\"]\u00a0S<\/span><span style=\"color: #201f1f;\">\u00a0[\/dropcap]<\/span>ervicios a Redes Digitales, S.A. de C.V<\/strong>. offers solutions in voice, data, audio and video networks utilizing the established norms for structured cabling; with both copper and fiber optics, while also providing television (CATV), security camera (CCTV) networks, ambiance music systems and access control networks, utilizing all or a portion of the same cabled infrastructure.<\/p><p style=\"text-align: justify;\"><strong>SRD<\/strong>\u00a0will also install and maintain all active electronic equipment to be implemented upon the network, for optimal functionality.<\/p><p style=\"text-align: justify;\">The end result will be a fully documented cabling network with \u201cas built\u201d documentation in Autocad with complete local support and maintenance of both the cabling infrastructure and all applicable active equipment.<\/p><p style=\"text-align: justify;\"><strong>Servicios a Redes\u00a0Digitales,\u00a0S.A. De\u00a0C.V<\/strong>\u00a0is an off spring of Sistemas y Redes Digitales, S.A. de C.V. Established in 1996 with principal offices in Tijuana and a branch in Mexicali.<\/p><p style=\"text-align: justify;\">In 2001,\u00a0<strong>Servicios a Redes\u00a0Digitales,\u00a0S.A. de\u00a0C.V<\/strong>\u00a0was formed in order to focus directly on the requirements of the hospitality industry and planned residential communities. <strong>SRD<\/strong>\u00a0provides complete hands-on assistance for projects from design development to final installation, and continued on-site maintenance.<\/p><p style=\"text-align: justify;\">Present and future technology development allows for more convergence than in the past. This convergence of voice, data, audio, video, access control, catv and cctv allows <strong>SRD<\/strong>\u00a0to provide one infrastructure for all systems, thus greatly reducing the cost of implementation, for all communications systems and services.<\/p><p style=\"text-align: justify;\"><strong>SRD<\/strong>\u00a0also provides \u201cElectronics Architecture\u201d with design and implementation services for residential villas and homes. The design phase includes coordination with owners, architects and interior designers\/decorators, in order to match required equipment performance specifications with the visual and spacial requirements. To include telephone, internet data, CCTV\u00a0monitoring, intrusion, smoke and carbon monoxide alarm, distributed audio and video control, HVAC\u00a0and complete lighting control both interior and exterior.<\/p><p>Please <strong><a title=\"Contact Us\" href=\"http:\/\/srdonline.net\/index.php\/contact-us\/\">contact SRD<\/a><\/strong>\u00a0for more information.<\/p>","_et_gb_content_width":"","footnotes":""},"class_list":["post-399","page","type-page","status-publish","hentry"],"_links":{"self":[{"href":"https:\/\/srdonline.net\/index.php\/wp-json\/wp\/v2\/pages\/399","targetHints":{"allow":["GET"]}}],"collection":[{"href":"https:\/\/srdonline.net\/index.php\/wp-json\/wp\/v2\/pages"}],"about":[{"href":"https:\/\/srdonline.net\/index.php\/wp-json\/wp\/v2\/types\/page"}],"author":[{"embeddable":true,"href":"https:\/\/srdonline.net\/index.php\/wp-json\/wp\/v2\/users\/1"}],"replies":[{"embeddable":true,"href":"https:\/\/srdonline.net\/index.php\/wp-json\/wp\/v2\/comments?post=399"}],"version-history":[{"count":5,"href":"https:\/\/srdonline.net\/index.php\/wp-json\/wp\/v2\/pages\/399\/revisions"}],"predecessor-version":[{"id":439,"href":"https:\/\/srdonline.net\/index.php\/wp-json\/wp\/v2\/pages\/399\/revisions\/439"}],"wp:attachment":[{"href":"https:\/\/srdonline.net\/index.php\/wp-json\/wp\/v2\/media?parent=399"}],"curies":[{"name":"wp","href":"https:\/\/api.w.org\/{rel}","templated":true}]}}