{"id":405,"date":"2016-08-11T01:17:57","date_gmt":"2016-08-11T01:17:57","guid":{"rendered":"http:\/\/srdonline.net\/?page_id=405&#038;lang=es"},"modified":"2016-12-09T23:09:39","modified_gmt":"2016-12-09T23:09:39","slug":"soluciones-comerciales","status":"publish","type":"page","link":"https:\/\/srdonline.net\/index.php\/soluciones-comerciales\/?lang=es","title":{"rendered":"Soluciones Comerciales"},"content":{"rendered":"<p>[et_pb_section fullwidth=&#8221;on&#8221; specialty=&#8221;off&#8221;][et_pb_fullwidth_slider admin_label=&#8221;Fullwidth Slider&#8221; show_arrows=&#8221;off&#8221; show_pagination=&#8221;off&#8221; auto=&#8221;off&#8221; parallax=&#8221;off&#8221;][et_pb_slide heading=&#8221;SOLUCIONES COMERCIALES&#8221; background_image=&#8221;http:\/\/srdonline.net\/wp-content\/uploads\/2014\/04\/SRD-Don-Sanchez.jpg&#8221; background_color=&#8221;#ffffff&#8221; alignment=&#8221;center&#8221; background_layout=&#8221;dark&#8221; \/][\/et_pb_fullwidth_slider][\/et_pb_section][et_pb_section fullwidth=&#8221;on&#8221; specialty=&#8221;off&#8221;][\/et_pb_section][et_pb_section][et_pb_row][et_pb_column type=&#8221;4_4&#8243;][et_pb_text admin_label=&#8221;Text&#8221; background_layout=&#8221;light&#8221; text_orientation=&#8221;left&#8221;]<\/p>\n<h3 class=\"p1\">Cableado Estructurado<\/h3>\n<p>El cableado estructurado is la infraestructura est\u00e1ndar de fibra \u00f3ptica y cable de cobre que corre por los edificios y entornos de campus, esencial para los niveles de servicio de comunicaci\u00f3n confiable en el ambiente de negocios actual. SRD puede proveer de soluciones de cableado estructurado que eliminar\u00e1n problemas de planta de cable, maximizar\u00e1n la capacidad de la red y mejorar\u00e1n la administraci\u00f3n de la red ahorrando tiempo y dinero, por medio del incremento de eficiencia.<\/p>\n<h3>Seguridad<\/h3>\n<p><strong>Sistemas de Video Vigilancia<\/strong> SRD provee de\u00a0sistemas de video vigilancia dise\u00f1ados para el uso e integraci\u00f3n de c\u00e1maras megapixel IP con grabaci\u00f3n de video en red\u00a0(NVR) o\u00a0software de gesti\u00f3n de video (VMS). Una variedad de sistemas an\u00e1logos de CCTV est\u00e1n disponibles como una soluci\u00f3n de video vigilacia para negocios m\u00e1s peque\u00f1a y econ\u00f3mica. \u00a0 [\/et_pb_text][et_pb_divider admin_label=&#8221;Divider&#8221; color=&#8221;#efefef&#8221; show_divider=&#8221;on&#8221; \/][\/et_pb_column][\/et_pb_row][et_pb_row][et_pb_column type=&#8221;1_2&#8243;][et_pb_image admin_label=&#8221;Image&#8221; src=&#8221;http:\/\/srdonline.net\/wp-content\/uploads\/2014\/08\/SRD-Home-Theater-iPad.jpg&#8221; show_in_lightbox=&#8221;off&#8221; url_new_window=&#8221;off&#8221; animation=&#8221;off&#8221; \/][\/et_pb_column][et_pb_column type=&#8221;1_2&#8243;][et_pb_text admin_label=&#8221;Text&#8221; background_layout=&#8221;light&#8221; text_orientation=&#8221;left&#8221;]<\/p>\n<h3 class=\"p2\" style=\"text-align: justify;\"><\/h3>\n<h3 class=\"p2\" style=\"text-align: justify;\"><\/h3>\n<h3>Intrusi\u00f3n<\/h3>\n<p>SRD provee de sistemas de alarma y comunicaci\u00f3n para intrusi\u00f3n, rompimiento de cristales, humo, calor y detecci\u00f3n de gas de diversos fabricantes.<\/p>\n<h3>Control de Acceso<\/h3>\n<p>SRD es proveedor de varias marcas de sistemas de control de acceso, incluyendo acceso a trav\u00e9s de la web, p\u00e1neles de control, lectores de tarjeta y gesti\u00f3n de acceso a visitantes. Por favor\u00a0<strong><a title=\"Contact Us\" href=\"http:\/\/srdonline.net\/index.php\/contact-us\/\">contacte a SRD<\/a><\/strong>\u00a0para mayor informaci\u00f3n. \u00a0 [\/et_pb_text][\/et_pb_column][\/et_pb_row][\/et_pb_section]<\/p>\n","protected":false},"excerpt":{"rendered":"<p><div class=\"et_pb_section et_pb_section_0 et_section_regular\" >\n\t\t\t\t\n\t\t\t\t\n\t\t\t\t\n\t\t\t\t\n\t\t\t\t\n\t\t\t\t\n\t\t\t\t\n\t\t\t\t\n\t\t\t\t\n\t\t\t<\/div><div class=\"et_pb_row et_pb_row_0 et_pb_row_empty\">\n\t\t\t\t\n\t\t\t\t\n\t\t\t\t\n\t\t\t\t\n\t\t\t\t\n\t\t\t<\/div> Cableado Estructurado El cableado estructurado is la infraestructura est\u00e1ndar de fibra \u00f3ptica y cable de cobre que corre por los edificios y entornos de campus, esencial para los niveles de servicio de comunicaci\u00f3n confiable en el ambiente de negocios actual. SRD puede proveer de soluciones de cableado estructurado que eliminar\u00e1n problemas de planta de [&hellip;]<\/p>\n","protected":false},"author":1,"featured_media":0,"parent":0,"menu_order":0,"comment_status":"closed","ping_status":"closed","template":"","meta":{"_et_pb_use_builder":"on","_et_pb_old_content":"","_et_gb_content_width":"","footnotes":""},"class_list":["post-405","page","type-page","status-publish","hentry"],"_links":{"self":[{"href":"https:\/\/srdonline.net\/index.php\/wp-json\/wp\/v2\/pages\/405","targetHints":{"allow":["GET"]}}],"collection":[{"href":"https:\/\/srdonline.net\/index.php\/wp-json\/wp\/v2\/pages"}],"about":[{"href":"https:\/\/srdonline.net\/index.php\/wp-json\/wp\/v2\/types\/page"}],"author":[{"embeddable":true,"href":"https:\/\/srdonline.net\/index.php\/wp-json\/wp\/v2\/users\/1"}],"replies":[{"embeddable":true,"href":"https:\/\/srdonline.net\/index.php\/wp-json\/wp\/v2\/comments?post=405"}],"version-history":[{"count":4,"href":"https:\/\/srdonline.net\/index.php\/wp-json\/wp\/v2\/pages\/405\/revisions"}],"predecessor-version":[{"id":427,"href":"https:\/\/srdonline.net\/index.php\/wp-json\/wp\/v2\/pages\/405\/revisions\/427"}],"wp:attachment":[{"href":"https:\/\/srdonline.net\/index.php\/wp-json\/wp\/v2\/media?parent=405"}],"curies":[{"name":"wp","href":"https:\/\/api.w.org\/{rel}","templated":true}]}}