{"id":408,"date":"2016-08-11T02:08:52","date_gmt":"2016-08-11T02:08:52","guid":{"rendered":"http:\/\/srdonline.net\/?page_id=408&#038;lang=es"},"modified":"2016-08-11T02:20:17","modified_gmt":"2016-08-11T02:20:17","slug":"control-de-clima","status":"publish","type":"page","link":"https:\/\/srdonline.net\/index.php\/control-de-clima\/?lang=es","title":{"rendered":"Control de Clima"},"content":{"rendered":"<p>[et_pb_section fullwidth=&#8221;on&#8221; specialty=&#8221;off&#8221;][et_pb_fullwidth_slider admin_label=&#8221;Fullwidth Slider&#8221; show_arrows=&#8221;off&#8221; show_pagination=&#8221;off&#8221; auto=&#8221;off&#8221; parallax=&#8221;off&#8221;][et_pb_slide background_color=&#8221;#ffffff&#8221; alignment=&#8221;center&#8221; background_layout=&#8221;dark&#8221; heading=&#8221;CONTROL DE CLIMA&#8221; background_image=&#8221;http:\/\/srdonline.net\/wp-content\/uploads\/2014\/08\/SRD-Climate-Control-Header-2.jpg&#8221; \/][\/et_pb_fullwidth_slider][\/et_pb_section][et_pb_section][et_pb_row][et_pb_column type=&#8221;4_4&#8243;][et_pb_text admin_label=&#8221;Text&#8221; background_layout=&#8221;light&#8221; text_orientation=&#8221;left&#8221;]<\/p>\n<h3 class=\"p1\"><b>Control de Clima<\/b><\/h3>\n<p class=\"p2\" style=\"text-align: justify;\">Los sistemas de control de clima de\u00a0SRD le dan el mejor control de clima en su residencia. Con\u00a0un Sistema Inteligente SRD, habilite los termostatos y persianas o cortinas para trabajar en conjunto para mejorar la eficiencia energ\u00e9tica, reducir el consumo de los sistemas de calefacci\u00f3n y enfriamiento y prevenir el da\u00f1o al mobiliario por la exposici\u00f3n a da\u00f1inos rayos\u00a0UV.<\/p>\n<p class=\"p2\" style=\"text-align: justify;\"><b>Administre\u00a0su clima:<\/b><\/p>\n<ul class=\"ul1\">\n<li class=\"li4\">Fije una temperatura confortable en\u00a0un cuarto en espec\u00edfico\u00a0o en toda la casa usando\u00a0sistemas de control inteligente.<\/li>\n<li class=\"li4\">Cierre las persianas en su sala mientras\u00a0las abre en la cocina.<\/li>\n<li class=\"li4\">Pre-fije\u00a0el cierre de persianas durante el sol de mediod\u00eda\u00a0para conservar el interior fresco, conservar\u00a0energ\u00eda y proteger el mobiliario.<\/li>\n<li class=\"li4\">Monitoree remotamente y ajuste el clima en toda la casa usando su\u00a0iPhone\u00ae o iPod Touch\u00ae\u00a0para una sencilla automatizaci\u00f3n del hogar.<\/li>\n<\/ul>\n<p>&nbsp;<\/p>\n<p>[\/et_pb_text][et_pb_divider admin_label=&#8221;Divider&#8221; color=&#8221;#d8d8d8&#8243; show_divider=&#8221;on&#8221; height=&#8221;10&#8243; \/][\/et_pb_column][\/et_pb_row][et_pb_row][et_pb_column type=&#8221;1_2&#8243;][et_pb_image admin_label=&#8221;Image&#8221; src=&#8221;http:\/\/srdonline.net\/wp-content\/uploads\/2014\/08\/SRD-Climate-Control-iPad1.jpg&#8221; show_in_lightbox=&#8221;off&#8221; url_new_window=&#8221;off&#8221; animation=&#8221;off&#8221; \/][\/et_pb_column][et_pb_column type=&#8221;1_2&#8243;][et_pb_text admin_label=&#8221;Text&#8221; background_layout=&#8221;light&#8221; text_orientation=&#8221;left&#8221;]<\/p>\n<h3 class=\"p2\"><\/h3>\n<h3 class=\"p2\"><\/h3>\n<h3 class=\"p2\"><b>Defina f\u00e1cilmente sus eventos de control de clima\u00a0<\/b><\/h3>\n<p class=\"p2\">Desde su\u00a0iPad, el\u00a0HVAC Scheduler permite a los usuarios crear r\u00e1pidamente horarios de clima basados en la hora del d\u00eda, mes del a\u00f1o y anualmente, incluyendo cambio de temporada, temperatura y humedad.<\/p>\n<p>Copiar, a\u00f1adir, eliminar\u00a0y ve horarios\u00a0HVAC es\u00a0simple. Es m\u00e1s, crear puntos de enfriamiento y calefacci\u00f3n basados en eventos temporales se logra a\u00a0&#8220;arrastrando&#8221;\u00a0un punto de enfriamiento y\/o calefacci\u00f3n a un horario espec\u00edfico del d\u00eda.<\/p>\n<p>&nbsp;<\/p>\n<p>[\/et_pb_text][\/et_pb_column][\/et_pb_row][\/et_pb_section]<\/p>\n","protected":false},"excerpt":{"rendered":"<p><div class=\"et_pb_section et_pb_section_0 et_section_regular\" >\n\t\t\t\t\n\t\t\t\t\n\t\t\t\t\n\t\t\t\t\n\t\t\t\t\n\t\t\t\t\n\t\t\t\t\n\t\t\t\t\n\t\t\t\t\n\t\t\t<\/div><div class=\"et_pb_row et_pb_row_0 et_pb_row_empty\">\n\t\t\t\t\n\t\t\t\t\n\t\t\t\t\n\t\t\t\t\n\t\t\t\t\n\t\t\t<\/div> Control de Clima Los sistemas de control de clima de\u00a0SRD le dan el mejor control de clima en su residencia. Con\u00a0un Sistema Inteligente SRD, habilite los termostatos y persianas o cortinas para trabajar en conjunto para mejorar la eficiencia energ\u00e9tica, reducir el consumo de los sistemas de calefacci\u00f3n y enfriamiento y prevenir el da\u00f1o [&hellip;]<\/p>\n","protected":false},"author":1,"featured_media":0,"parent":0,"menu_order":0,"comment_status":"closed","ping_status":"closed","template":"","meta":{"_et_pb_use_builder":"on","_et_pb_old_content":"<h3 class=\"p1\"><b>Climate Control<\/b><\/h3><p class=\"p2\">Climate control systems from SRD give you ultimate climate control throughout your residence. With a SRD Smart System, enable your thermostats and window shades or blinds to work together to improve energy efficiency, reduce the demands of the heating and cooling systems and prevent damage to expensive furnishings from over exposure to harmful UV rays.<\/p><p class=\"p2\"><b>Command your climate:<\/b><\/p><ul class=\"ul1\"><li class=\"li4\">Set a comfortable temperature setting in a specific room or the entire house using smart control systems.<\/li><li class=\"li4\">Close the blinds in your living room while opening the shades in the kitchen.<\/li><li class=\"li4\">Pre-set blinds to close during the midday sun to keep the interior cool, conserve energy, and protect expensive furnishing.<\/li><li class=\"li4\">Remotely monitor and adjust climate status throughout the house while away from home using an iPhone\u00ae or iPod touch\u00ae for easy smart home automation.<\/li><\/ul><p class=\"p2\"><b>Easily Set Your Climate Control Events\u00a0<\/b><\/p><p class=\"p2\">From your Apple iPad, the HVAC Scheduler allows users to quickly create their own climate schedules based on time of day, month of year and annual including season change, temperature and humidity.<\/p><p>Copying, adding, deleting and viewing HVAC schedules is simple. Moreover, creating cooling and heating set points based on time of events is accomplished by \u201cdragging\u201d a cooling and\/or heat point to the specific time of day.<\/p>","_et_gb_content_width":"","footnotes":""},"class_list":["post-408","page","type-page","status-publish","hentry"],"_links":{"self":[{"href":"https:\/\/srdonline.net\/index.php\/wp-json\/wp\/v2\/pages\/408","targetHints":{"allow":["GET"]}}],"collection":[{"href":"https:\/\/srdonline.net\/index.php\/wp-json\/wp\/v2\/pages"}],"about":[{"href":"https:\/\/srdonline.net\/index.php\/wp-json\/wp\/v2\/types\/page"}],"author":[{"embeddable":true,"href":"https:\/\/srdonline.net\/index.php\/wp-json\/wp\/v2\/users\/1"}],"replies":[{"embeddable":true,"href":"https:\/\/srdonline.net\/index.php\/wp-json\/wp\/v2\/comments?post=408"}],"version-history":[{"count":2,"href":"https:\/\/srdonline.net\/index.php\/wp-json\/wp\/v2\/pages\/408\/revisions"}],"predecessor-version":[{"id":410,"href":"https:\/\/srdonline.net\/index.php\/wp-json\/wp\/v2\/pages\/408\/revisions\/410"}],"wp:attachment":[{"href":"https:\/\/srdonline.net\/index.php\/wp-json\/wp\/v2\/media?parent=408"}],"curies":[{"name":"wp","href":"https:\/\/api.w.org\/{rel}","templated":true}]}}