{"id":411,"date":"2016-08-11T02:22:47","date_gmt":"2016-08-11T02:22:47","guid":{"rendered":"http:\/\/srdonline.net\/?page_id=411&#038;lang=es"},"modified":"2016-08-11T03:59:36","modified_gmt":"2016-08-11T03:59:36","slug":"energia-inteligente","status":"publish","type":"page","link":"https:\/\/srdonline.net\/index.php\/energia-inteligente\/?lang=es","title":{"rendered":"Energ\u00eda Inteligente"},"content":{"rendered":"<p>[et_pb_section fullwidth=&#8221;on&#8221; specialty=&#8221;off&#8221; background_color=&#8221;#ffffff&#8221; inner_shadow=&#8221;off&#8221; parallax=&#8221;off&#8221; parallax_method=&#8221;css&#8221;][et_pb_fullwidth_slider admin_label=&#8221;Fullwidth Slider&#8221; show_arrows=&#8221;off&#8221; show_pagination=&#8221;off&#8221; auto=&#8221;off&#8221; parallax=&#8221;off&#8221;][et_pb_slide background_color=&#8221;#ffffff&#8221; alignment=&#8221;center&#8221; background_layout=&#8221;dark&#8221; background_image=&#8221;http:\/\/srdonline.net\/wp-content\/uploads\/2014\/08\/SRD-Smart-Energy.jpg&#8221; heading=&#8221;ENERG\u00cdA INTELIGENTE&#8221; \/][\/et_pb_fullwidth_slider][\/et_pb_section][et_pb_section][et_pb_row][et_pb_column type=&#8221;4_4&#8243;][et_pb_text admin_label=&#8221;Text&#8221; background_layout=&#8221;light&#8221; text_orientation=&#8221;left&#8221;]<\/p>\n<h3 style=\"text-align: justify;\"><strong>Sistemas de Administraci\u00f3n de Energ\u00eda<\/strong><\/h3>\n<p style=\"text-align: justify;\"><strong>Toma ventaja de la automatizaci\u00f3n\u00a0Green Home\u00a0con Energ\u00eda Inteligente<\/strong><\/p>\n<p style=\"text-align: justify;\">Nuestros sistemas de administraci\u00f3n de energ\u00eda permiten al usuario monitorear y reducir el consumo de energ\u00eda, conservar recursos y ahorrar dinero\u00a0\u2014todo sin sacrificar confort o conveniencia.<\/p>\n<p style=\"text-align: justify;\"><strong>La automatizaci\u00f3n SRD es de bajo consumo energ\u00e9tico:<\/strong><\/p>\n<ul>\n<li>Fije su iluminaci\u00f3n inteligente para que enciendia o se apague con el amanecer o anochecer al sincronizarla con un reloj astron\u00f3mico.<\/li>\n<li>Pre-fije las persianas para cerrarse, bloqueando la intensa luz solar y conservando el interior de su hogar fresco, a la vez que conserva energ\u00eda.<\/li>\n<li>Reduzca la demanda de sistemas de calefacci\u00f3n y enfriamiento con el\u00a0control de clima que regula el nivel del termostato basado en la temperatura exterior.<\/li>\n<li>Presione un bot\u00f3n de\u00a0\u201cLights Out\u201d para deshabilitar toda la iluminaci\u00f3n inteligente, asegur\u00e1ndose de que ninguna luz permanezca encendida innecesariamente.<\/li>\n<li>La automatizaci\u00f3n Green Home integra sensoser de ocupaci\u00f3n y movimiento para atenuar o apagar las luces cuando un cuarto est\u00e1 desocupado.<\/li>\n<li>Monitoree remotamente y administre todos los componente de audio\/video y otros electr\u00f3nicos inteligentes con su\u00a0iPad\u00ae, iPhone\u00ae o iPod Touch\u00ae para prevenir consumos innecesarios de energ\u00eda.<\/li>\n<\/ul>\n<p>[\/et_pb_text][et_pb_divider admin_label=&#8221;Divider&#8221; color=&#8221;#ededed&#8221; show_divider=&#8221;on&#8221; height=&#8221;10&#8243; \/][\/et_pb_column][\/et_pb_row][et_pb_row][et_pb_column type=&#8221;1_2&#8243;][et_pb_text admin_label=&#8221;Text&#8221; background_layout=&#8221;light&#8221; text_orientation=&#8221;left&#8221;]<\/p>\n<h3 style=\"text-align: justify;\"><strong>Monitoree su consumo de energ\u00eda<\/strong><\/h3>\n<p style=\"text-align: justify;\">A trav\u00e9s de una elegante interfaz de\u00a0iPad, el Monitor de Energ\u00eda Inteligente de SRD mide el uso y producci\u00f3n de energ\u00eda en tiempo real, incluyendo datos hist\u00f3ricos de diferentes dispositivos de gesti\u00f3n de energ\u00eda.\u00a0Esto provee a los consumidores y gerentes de las instalaciones con informaci\u00f3n en tiempo real de el uso de electricidad y costos.\u00a0Puede monitorear cada aspecto del uso de electricidad, desde aparatos a calefacci\u00f3n e ilumaci\u00f3n, \u00a0y ver el uso el\u00e9ctrico o su producci\u00f3n en casa o remotamente. M\u00e1s a\u00fan, los consumidores pueden reducir el uso de energ\u00eda y costos al controlar c\u00f3mo y cu\u00e1ndo un aparato en espec\u00edfico usa energ\u00eda\u00a0\u2014particularmente durante los periodos pico o de carga, y de una forma que no comprometa su estilo de vida o necesidades.<\/p>\n<p>[\/et_pb_text][\/et_pb_column][et_pb_column type=&#8221;1_2&#8243;][et_pb_image admin_label=&#8221;Image&#8221; src=&#8221;http:\/\/srdonline.net\/wp-content\/uploads\/2014\/08\/SRD-Smart-Energy-iPad.jpg&#8221; show_in_lightbox=&#8221;off&#8221; url_new_window=&#8221;off&#8221; animation=&#8221;off&#8221; \/][\/et_pb_column][\/et_pb_row][\/et_pb_section]<\/p>\n","protected":false},"excerpt":{"rendered":"<p><div class=\"et_pb_section et_pb_section_0 et_section_regular\" >\n\t\t\t\t\n\t\t\t\t\n\t\t\t\t\n\t\t\t\t\n\t\t\t\t\n\t\t\t\t\n\t\t\t\t\n\t\t\t\t\n\t\t\t\t\n\t\t\t<\/div><div class=\"et_pb_row et_pb_row_0 et_pb_row_empty\">\n\t\t\t\t\n\t\t\t\t\n\t\t\t\t\n\t\t\t\t\n\t\t\t\t\n\t\t\t<\/div> Sistemas de Administraci\u00f3n de Energ\u00eda Toma ventaja de la automatizaci\u00f3n\u00a0Green Home\u00a0con Energ\u00eda Inteligente Nuestros sistemas de administraci\u00f3n de energ\u00eda permiten al usuario monitorear y reducir el consumo de energ\u00eda, conservar recursos y ahorrar dinero\u00a0\u2014todo sin sacrificar confort o conveniencia. La automatizaci\u00f3n SRD es de bajo consumo energ\u00e9tico: Fije su iluminaci\u00f3n inteligente para que enciendia [&hellip;]<\/p>\n","protected":false},"author":1,"featured_media":0,"parent":0,"menu_order":0,"comment_status":"closed","ping_status":"closed","template":"","meta":{"_et_pb_use_builder":"on","_et_pb_old_content":"<h3 style=\"text-align: justify;\">Energy Management Systems<\/h3><p style=\"text-align: justify;\">Take advantage of Green Home Automation with Smart Energy<\/p><p style=\"text-align: justify;\">Our energy management systems enable homeowners to monitor and reduce energy consumption of smart home electronics, conserve resources, and save money\u2014all without sacrificing comfort or convenience.<\/p><p style=\"text-align: justify;\"><strong>Monitor Your Power Consumption<\/strong><\/p><p style=\"text-align: justify;\">Through an elegant iPad interface, SRD\u2019s Smart Energy Monitor solution measures energy usage and production in real-time, including historical data of multiple energy management devices. This provides consumers and facilities managers with real-time information on electricity use and costs. You can monitor each and every aspect of electricity usage, from appliances to heating and lighting, and view your entire electricity usage or production at home or remotely.\u2028\u2028Moreover, consumers can reduce energy use and costs by controlling how and when specific devices use power\u2014particularly during peak pricing or load periods, and in a way that fits with their lifestyle or needs.<\/p><p style=\"text-align: justify;\"><strong>SRD Automation is Easy on Energy Consumption:<\/strong><\/p><p style=\"text-align: justify;\">Set your intelligent lighting to automatically turn on and off with the rising and setting sun by timing them to an astronomical clock.<\/p><p style=\"text-align: justify;\">Pre-set blinds to close, shutting out powerful sunlight and keeping the interior of your home cool while conserving energy.<br \/> Reduce the demands on heating and cooling systems with climate control that regulates thermostat levels based on outside temperature.<\/p><p style=\"text-align: justify;\">Press a \u201cLights Out\u201d button to disable all intelligent lighting, making certain that no lights have been left on unnecessarily.<br \/> Green home automation integrates with occupancy and motion sensors to dim or turn off lights when a room is unoccupied.<\/p><p style=\"text-align: justify;\">Remotely monitor and manage all of the whole-house audio\/video components and other smart home electronics with your iPad\u00ae, iPhone\u00ae or iPod touch\u00ae to prevent unnecessary energy consumption.<\/p>","_et_gb_content_width":"","footnotes":""},"class_list":["post-411","page","type-page","status-publish","hentry"],"_links":{"self":[{"href":"https:\/\/srdonline.net\/index.php\/wp-json\/wp\/v2\/pages\/411","targetHints":{"allow":["GET"]}}],"collection":[{"href":"https:\/\/srdonline.net\/index.php\/wp-json\/wp\/v2\/pages"}],"about":[{"href":"https:\/\/srdonline.net\/index.php\/wp-json\/wp\/v2\/types\/page"}],"author":[{"embeddable":true,"href":"https:\/\/srdonline.net\/index.php\/wp-json\/wp\/v2\/users\/1"}],"replies":[{"embeddable":true,"href":"https:\/\/srdonline.net\/index.php\/wp-json\/wp\/v2\/comments?post=411"}],"version-history":[{"count":4,"href":"https:\/\/srdonline.net\/index.php\/wp-json\/wp\/v2\/pages\/411\/revisions"}],"predecessor-version":[{"id":415,"href":"https:\/\/srdonline.net\/index.php\/wp-json\/wp\/v2\/pages\/411\/revisions\/415"}],"wp:attachment":[{"href":"https:\/\/srdonline.net\/index.php\/wp-json\/wp\/v2\/media?parent=411"}],"curies":[{"name":"wp","href":"https:\/\/api.w.org\/{rel}","templated":true}]}}