{"id":418,"date":"2016-08-11T04:53:02","date_gmt":"2016-08-11T04:53:02","guid":{"rendered":"http:\/\/srdonline.net\/?page_id=418&#038;lang=es"},"modified":"2016-08-11T13:52:06","modified_gmt":"2016-08-11T13:52:06","slug":"iluminacion-inteligente","status":"publish","type":"page","link":"https:\/\/srdonline.net\/index.php\/iluminacion-inteligente\/?lang=es","title":{"rendered":"Iluminaci\u00f3n Inteligente"},"content":{"rendered":"<p>[et_pb_section fullwidth=&#8221;on&#8221; specialty=&#8221;off&#8221;][et_pb_fullwidth_slider admin_label=&#8221;Fullwidth Slider&#8221; show_arrows=&#8221;off&#8221; show_pagination=&#8221;off&#8221; auto=&#8221;off&#8221; parallax=&#8221;off&#8221;][et_pb_slide heading=&#8221;ILUMINACI\u00d3N INTELIGENTE&#8221; background_color=&#8221;#ffffff&#8221; alignment=&#8221;center&#8221; background_layout=&#8221;dark&#8221; background_image=&#8221;http:\/\/srdonline.net\/wp-content\/uploads\/2014\/08\/SRD-Intelligent-Lighting-Header-2.jpg&#8221; \/][\/et_pb_fullwidth_slider][\/et_pb_section][et_pb_section][et_pb_row][et_pb_column type=&#8221;4_4&#8243;][et_pb_text admin_label=&#8221;Text&#8221; background_layout=&#8221;light&#8221; text_orientation=&#8221;left&#8221;]<\/p>\n<h3 class=\"p1\" style=\"text-align: justify;\"><b>Control de Iluminaci\u00f3n Inteligente<\/b><\/h3>\n<p class=\"p2\" style=\"text-align: justify;\"><strong>Ilumina tu d\u00eda con\u00a0SRD<\/strong><\/p>\n<p class=\"p2\" style=\"text-align: justify;\">Los sistemas de control de iluminaci\u00f3n inteligente de\u00a0SRD est\u00e1n dise\u00f1ados para darle un nivel de mando e inovaci\u00f3n m\u00e1s all\u00e1 de la habilidad de simplemente ajustar las luces en su hogar.<\/p>\n<p class=\"p2\" style=\"text-align: justify;\">Un control total de iluminaci\u00f3n, amigable con el ambiente que act\u00faa en su mejor inter\u00e9s est\u00e9 en su hogar o lejos de \u00e9l:<\/p>\n<ul class=\"ul1\" style=\"text-align: justify;\">\n<li class=\"li4\">Control automatizado de iluminaci\u00f3n integrado con sensor de movimiento para atenuar o apagar las luces cuando una habitaci\u00f3n est\u00e1 desocupada.<\/li>\n<li class=\"li4\">Configure su\u00a0iluminaci\u00f3n inteligente para que encienda al anochecer y se apague al amanacer.<\/li>\n<li class=\"li4\">Monitoree remotamente y ajuste la iluminaci\u00f3n completa de su hogar mientras est\u00e1 fuera usando su iPhone\u00ae o iPod touch\u00ae.<\/li>\n<\/ul>\n<p class=\"p2\" style=\"text-align: justify;\"><b>Fuerza en la uni\u00f3n<\/b><\/p>\n<p class=\"p2\" style=\"text-align: justify;\">Nos hemos asociado con los principales fabricantes de sistemas de iluminaci\u00f3n.\u00a0Sus productos de iluminaci\u00f3n se integran completamente con el sistema de automatizaci\u00f3n de\u00a0SRD.<\/p>\n<p>[\/et_pb_text][et_pb_divider admin_label=&#8221;Divider&#8221; color=&#8221;#efefef&#8221; show_divider=&#8221;on&#8221; \/][\/et_pb_column][\/et_pb_row][et_pb_row][et_pb_column type=&#8221;1_2&#8243;][et_pb_text admin_label=&#8221;Text&#8221; background_layout=&#8221;light&#8221; text_orientation=&#8221;left&#8221;]<\/p>\n<h3 class=\"p2\" style=\"text-align: justify;\"><\/h3>\n<h3 class=\"p2\" style=\"text-align: justify;\"><\/h3>\n<h3 class=\"p2\" style=\"text-align: justify;\"><b>Control de iluminaci\u00f3n como ning\u00fan otro<\/b><\/h3>\n<p class=\"p2\" style=\"text-align: justify;\">Use un\u00a0iPad\u00ae para simplemente tocar una imagen de la luz en la habitaci\u00f3n que desea controlar,\u00a0y no solamente podr\u00e1 encender o apagar la luz dentro del cuarto,\u00a0la imagen de la iPad se iluminar\u00e1 de igual forma para confirmar el comando.<\/p>\n<p>[\/et_pb_text][\/et_pb_column][et_pb_column type=&#8221;1_2&#8243;][et_pb_image admin_label=&#8221;Image&#8221; show_in_lightbox=&#8221;off&#8221; url_new_window=&#8221;off&#8221; animation=&#8221;off&#8221; src=&#8221;http:\/\/srdonline.net\/wp-content\/uploads\/2014\/08\/SRD-Inetlligent-Lighting-iPad.jpg&#8221; \/][\/et_pb_column][\/et_pb_row][\/et_pb_section]<\/p>\n","protected":false},"excerpt":{"rendered":"<p><div class=\"et_pb_section et_pb_section_0 et_section_regular\" >\n\t\t\t\t\n\t\t\t\t\n\t\t\t\t\n\t\t\t\t\n\t\t\t\t\n\t\t\t\t\n\t\t\t\t\n\t\t\t\t\n\t\t\t\t\n\t\t\t<\/div><div class=\"et_pb_row et_pb_row_0 et_pb_row_empty\">\n\t\t\t\t\n\t\t\t\t\n\t\t\t\t\n\t\t\t\t\n\t\t\t\t\n\t\t\t<\/div> Control de Iluminaci\u00f3n Inteligente Ilumina tu d\u00eda con\u00a0SRD Los sistemas de control de iluminaci\u00f3n inteligente de\u00a0SRD est\u00e1n dise\u00f1ados para darle un nivel de mando e inovaci\u00f3n m\u00e1s all\u00e1 de la habilidad de simplemente ajustar las luces en su hogar. Un control total de iluminaci\u00f3n, amigable con el ambiente que act\u00faa en su mejor inter\u00e9s [&hellip;]<\/p>\n","protected":false},"author":1,"featured_media":0,"parent":0,"menu_order":0,"comment_status":"closed","ping_status":"closed","template":"","meta":{"_et_pb_use_builder":"on","_et_pb_old_content":"<p class=\"p1\"><b>Intelligent Lighting Control<\/b><\/p><p class=\"p2\">Light your day the SRD way<\/p><p class=\"p2\">Intelligent lighting control systems from SRD are designed to give you a level of command and innovation that goes far beyond the ability to easily adjust the lights in your home.<\/p><p class=\"p2\">Eco-friendly total lighting control that acts in your best interest whether you are home or away:<\/p><ul class=\"ul1\"><li class=\"li4\">Automated lighting control integrates with motion sensors to dim or turn off lights when a room is unoccupied.<\/li><li class=\"li4\">Configure specific intelligent lighting to go on at sunset and off at daybreak.<\/li><li class=\"li4\">With one touch initiate a \u201cGoodnight\u201d scene to deactivate all interior lights as exterior floodlighting is turned on.<\/li><li class=\"li4\">Remotely monitor and adjust home lighting control status throughout the house while away from home using your iPhone\u00ae or iPod touch\u00ae.<\/li><\/ul><p class=\"p2\"><b>\"True\" lighting control like no other<\/b><\/p><p class=\"p2\">Use an iPad\u00ae to simply touch an image of the actual light in the room you desire to control, and not only will the light in the room turn on\/off or dim when pressed, but it will also illuminate on the iPad to confirm the command.<\/p><p class=\"p2\"><b>Strength in Partnerships<\/b><\/p><p class=\"p2\">We have partnered with the leading manufacturers of lighting systems. Their lighting products are seamlessly integrated within a SRD home automation and control environment.<\/p>","_et_gb_content_width":"","footnotes":""},"class_list":["post-418","page","type-page","status-publish","hentry"],"_links":{"self":[{"href":"https:\/\/srdonline.net\/index.php\/wp-json\/wp\/v2\/pages\/418","targetHints":{"allow":["GET"]}}],"collection":[{"href":"https:\/\/srdonline.net\/index.php\/wp-json\/wp\/v2\/pages"}],"about":[{"href":"https:\/\/srdonline.net\/index.php\/wp-json\/wp\/v2\/types\/page"}],"author":[{"embeddable":true,"href":"https:\/\/srdonline.net\/index.php\/wp-json\/wp\/v2\/users\/1"}],"replies":[{"embeddable":true,"href":"https:\/\/srdonline.net\/index.php\/wp-json\/wp\/v2\/comments?post=418"}],"version-history":[{"count":3,"href":"https:\/\/srdonline.net\/index.php\/wp-json\/wp\/v2\/pages\/418\/revisions"}],"predecessor-version":[{"id":421,"href":"https:\/\/srdonline.net\/index.php\/wp-json\/wp\/v2\/pages\/418\/revisions\/421"}],"wp:attachment":[{"href":"https:\/\/srdonline.net\/index.php\/wp-json\/wp\/v2\/media?parent=418"}],"curies":[{"name":"wp","href":"https:\/\/api.w.org\/{rel}","templated":true}]}}