{"id":422,"date":"2016-08-11T14:18:34","date_gmt":"2016-08-11T14:18:34","guid":{"rendered":"http:\/\/srdonline.net\/?page_id=422&#038;lang=es"},"modified":"2016-08-11T14:20:55","modified_gmt":"2016-08-11T14:20:55","slug":"teatro-en-casa","status":"publish","type":"page","link":"https:\/\/srdonline.net\/index.php\/teatro-en-casa\/?lang=es","title":{"rendered":"Teatro en Casa"},"content":{"rendered":"<p>[et_pb_section fullwidth=&#8221;on&#8221; specialty=&#8221;off&#8221;][et_pb_fullwidth_slider admin_label=&#8221;Fullwidth Slider&#8221; show_arrows=&#8221;off&#8221; show_pagination=&#8221;off&#8221; auto=&#8221;off&#8221; parallax=&#8221;off&#8221;][et_pb_slide heading=&#8221;TEATRO EN CASA&#8221; background_image=&#8221;http:\/\/srdonline.net\/wp-content\/uploads\/2014\/08\/SRD-Home-Theater.jpg&#8221; background_color=&#8221;#ffffff&#8221; alignment=&#8221;center&#8221; background_layout=&#8221;dark&#8221; \/][\/et_pb_fullwidth_slider][\/et_pb_section][et_pb_section][et_pb_row][et_pb_column type=&#8221;4_4&#8243;][et_pb_text admin_label=&#8221;Text&#8221; background_layout=&#8221;light&#8221; text_orientation=&#8221;left&#8221;]<\/p>\n<h3 class=\"p1\" style=\"text-align: justify;\"><b>Sistemas de control de Teatro en Casa<\/b><\/h3>\n<p class=\"p2\" style=\"text-align: justify;\"><strong>Salas de Teatro en Casa completamente integradas<\/strong><\/p>\n<p class=\"p2\" style=\"text-align: justify;\">Con un sistema integrado de control de teatro en casa, convierta su sala de tv en una experiencia visual \u00fanica.<\/p>\n<p class=\"p2\" style=\"text-align: justify;\">Desde un solo sistema inteligente\u00a0SRD, usted puede:<\/p>\n<ul class=\"ul1\" style=\"text-align: justify;\">\n<li class=\"li4\">Controlar su video\/audio, iluminaci\u00f3n inteligente, cortinas, temperatura, etc.<\/li>\n<li class=\"li4\">Habilitar\u00a0un impresionante audio envolvente 7.1<\/li>\n<li class=\"li4\">Distribuir video\u00a0HD 1080p<\/li>\n<li class=\"li4\">Acceder y visualizar contenido en l\u00ednea de fuentes como\u00a0YouTube\u2122 y\u00a0Netflix\u2122<\/li>\n<li class=\"li4\">\u00a1Completo control AV y m\u00e1s!<\/li>\n<\/ul>\n<p class=\"p2\" style=\"text-align: justify;\">Desde cualquier monitor HD o pantalla de proyecci\u00f3n, use su control inteligente para ajustar iluminaci\u00f3n y temperatura o ver sus c\u00e1maras de seguridad. Obtenga el clima y los resultados de su deporte favorito, todo sin interrumpir la programaci\u00f3n de video ni por\u00a0un instante.<\/p>\n<p class=\"p2\" style=\"text-align: justify;\">\n<p>&nbsp;<\/p>\n<p>[\/et_pb_text][et_pb_divider admin_label=&#8221;Divider&#8221; color=&#8221;#efefef&#8221; show_divider=&#8221;on&#8221; \/][\/et_pb_column][\/et_pb_row][et_pb_row][et_pb_column type=&#8221;1_2&#8243;][et_pb_image admin_label=&#8221;Image&#8221; src=&#8221;http:\/\/srdonline.net\/wp-content\/uploads\/2014\/08\/SRD-Home-Theater-iPad.jpg&#8221; show_in_lightbox=&#8221;off&#8221; url_new_window=&#8221;off&#8221; animation=&#8221;off&#8221; \/][\/et_pb_column][et_pb_column type=&#8221;1_2&#8243;][et_pb_text admin_label=&#8221;Text&#8221; background_layout=&#8221;light&#8221; text_orientation=&#8221;left&#8221;]<\/p>\n<h3 class=\"p2\" style=\"text-align: justify;\"><\/h3>\n<h3 class=\"p2\" style=\"text-align: justify;\"><\/h3>\n<h3 class=\"p2\" style=\"text-align: justify;\"><b>Simplifique la &#8220;Noche de Pel\u00edcula&#8221;<\/b><\/h3>\n<p class=\"p2\" style=\"text-align: justify;\">Control de teatro en casa hecho f\u00e1cil \u2014 con presionar un bot\u00f3n en una iPad\u00ae, su teatro en casa puede automatizarse para programar su pel\u00edcula favorita, atenuar las luces, cerrar cotinas, fijar una temperatura ideal&#8230;\u00a1Incluso empezar a hacer las palomitas!<\/p>\n<p>&nbsp;<\/p>\n<p>[\/et_pb_text][\/et_pb_column][\/et_pb_row][\/et_pb_section]<\/p>\n","protected":false},"excerpt":{"rendered":"<p><div class=\"et_pb_section et_pb_section_0 et_section_regular\" >\n\t\t\t\t\n\t\t\t\t\n\t\t\t\t\n\t\t\t\t\n\t\t\t\t\n\t\t\t\t\n\t\t\t\t\n\t\t\t\t\n\t\t\t\t\n\t\t\t<\/div><div class=\"et_pb_row et_pb_row_0 et_pb_row_empty\">\n\t\t\t\t\n\t\t\t\t\n\t\t\t\t\n\t\t\t\t\n\t\t\t\t\n\t\t\t<\/div> Sistemas de control de Teatro en Casa Salas de Teatro en Casa completamente integradas Con un sistema integrado de control de teatro en casa, convierta su sala de tv en una experiencia visual \u00fanica. Desde un solo sistema inteligente\u00a0SRD, usted puede: Controlar su video\/audio, iluminaci\u00f3n inteligente, cortinas, temperatura, etc. Habilitar\u00a0un impresionante audio envolvente 7.1 [&hellip;]<\/p>\n","protected":false},"author":1,"featured_media":0,"parent":0,"menu_order":0,"comment_status":"closed","ping_status":"closed","template":"","meta":{"_et_pb_use_builder":"on","_et_pb_old_content":"<h3 class=\"p1\"><b>Home Theatre Control Systems<\/b><\/h3><p class=\"p2\">Fully Integrated Home Theatres and Media Rooms<\/p><p class=\"p2\">With a fully integrated home theatre control system, convert the family media room or professionally designed home theatre into the ultimate viewing experience.<\/p><p class=\"p2\">From a single SRD Smart System, pilot your home theatre to:<\/p><ul class=\"ul1\"><li class=\"li4\">Become a complete intelligent control system: Control your media, intelligent lighting, curtains, temperature, etc.<\/li><li class=\"li4\">Enable heart-pounding 7.1 surround sound<\/li><li class=\"li4\">Distribute HD 1080p video<\/li><li class=\"li4\">Access and stream content from online sources such as YouTube\u2122 and Hulu\u2122<\/li><li class=\"li4\">Complete AV control and more!<\/li><\/ul><p class=\"p2\">From any HD display or projection screen, use a smart remote to adjust lighting and climate and view your security cameras.Or,obtain the weather and sports scores, and more, all without interrupting your video programming for a single moment.<\/p><p class=\"p2\"><b>Simplify \"Movie Night\"<\/b><\/p><p class=\"p2\">Home theatre control made easy \u2014 with a push of a button from a docked iPad\u00ae, your home theatre can be automated to cue up your favourite movie, dim lights, close shades, set a predetermined temperature\u2026even start popping the popcorn!<\/p>","_et_gb_content_width":"","footnotes":""},"class_list":["post-422","page","type-page","status-publish","hentry"],"_links":{"self":[{"href":"https:\/\/srdonline.net\/index.php\/wp-json\/wp\/v2\/pages\/422","targetHints":{"allow":["GET"]}}],"collection":[{"href":"https:\/\/srdonline.net\/index.php\/wp-json\/wp\/v2\/pages"}],"about":[{"href":"https:\/\/srdonline.net\/index.php\/wp-json\/wp\/v2\/types\/page"}],"author":[{"embeddable":true,"href":"https:\/\/srdonline.net\/index.php\/wp-json\/wp\/v2\/users\/1"}],"replies":[{"embeddable":true,"href":"https:\/\/srdonline.net\/index.php\/wp-json\/wp\/v2\/comments?post=422"}],"version-history":[{"count":1,"href":"https:\/\/srdonline.net\/index.php\/wp-json\/wp\/v2\/pages\/422\/revisions"}],"predecessor-version":[{"id":423,"href":"https:\/\/srdonline.net\/index.php\/wp-json\/wp\/v2\/pages\/422\/revisions\/423"}],"wp:attachment":[{"href":"https:\/\/srdonline.net\/index.php\/wp-json\/wp\/v2\/media?parent=422"}],"curies":[{"name":"wp","href":"https:\/\/api.w.org\/{rel}","templated":true}]}}